{"id":3968,"date":"2026-04-15T14:05:19","date_gmt":"2026-04-15T07:05:19","guid":{"rendered":"https:\/\/truelovetramyeu.vn\/?page_id=3968"},"modified":"2026-04-15T14:05:21","modified_gmt":"2026-04-15T07:05:21","slug":"dieu-khoan-su-dung-terms-of-use","status":"publish","type":"page","link":"https:\/\/truelovetramyeu.vn\/dieu-khoan-su-dung-terms-of-use\/","title":{"rendered":"\u0110i\u1ec1u kho\u1ea3n s\u1eed d\u1ee5ng (Terms of Use)"},"content":{"rendered":"\n<p>Ch\u00e0o m\u1eebng b\u1ea1n \u0111\u1ebfn v\u1edbi website True Love &#8211; Tr\u1ea1m Y\u00eau, \u0111\u01b0\u1ee3c qu\u1ea3n l\u00fd v\u00e0 v\u1eadn h\u00e0nh b\u1edfi C\u00d4NG TY C\u1ed4 PH\u1ea6N LOVE JOURNEY. B\u1eb1ng vi\u1ec7c \u0111\u0103ng k\u00fd v\u00e0 s\u1eed d\u1ee5ng d\u1ecbch v\u1ee5 c\u1ee7a ch\u00fang t\u00f4i, b\u1ea1n x\u00e1c nh\u1eadn \u0111\u00e3 \u0111\u1ecdc, hi\u1ec3u r\u00f5 v\u00e0 \u0111\u1ed3ng \u00fd tu\u00e2n th\u1ee7 c\u00e1c \u0110i\u1ec1u kho\u1ea3n s\u1eed d\u1ee5ng d\u01b0\u1edbi \u0111\u00e2y.<\/p>\n\n\n\n<h3 class=\"wp-block-heading\" id=\"1-muc-dich-dich-vu\"><strong>1. M\u1ee5c \u0110\u00edch D\u1ecbch V\u1ee5<\/strong><\/h3>\n\n\n\n<p>True Love &#8211; Tr\u1ea1m Y\u00eau cung c\u1ea5p c\u00e1c d\u1ecbch v\u1ee5 t\u01b0 v\u1ea5n qu\u1ea3n l\u00fd, bao g\u1ed3m c\u00e1c ho\u1ea1t \u0111\u1ed9ng t\u00ecm ki\u1ebfm, gi\u1edbi thi\u1ec7u, t\u1ed5 ch\u1ee9c, thi\u1ebft l\u1eadp li\u00ean quan \u0111\u1ebfn k\u1ebft n\u1ed1i, h\u1eb9n h\u00f2, t\u00ecnh duy\u00ean, t\u00ecnh y\u00eau. \u0110\u1ed3ng th\u1eddi, ch\u00fang t\u00f4i cung c\u1ea5p d\u1ecbch v\u1ee5 t\u01b0 v\u1ea5n t\u00e2m l\u00fd, t\u00ecnh c\u1ea3m cho kh\u00e1ch h\u00e0ng.<\/p>\n\n\n\n<h3 class=\"wp-block-heading\" id=\"2-dieu-kien-tro-thanh-thanh-vien\"><strong>2. \u0110i\u1ec1u Ki\u1ec7n Tr\u1edf Th\u00e0nh Th\u00e0nh Vi\u00ean<\/strong><\/h3>\n\n\n\n<p>\u0110\u1ec3 s\u1eed d\u1ee5ng d\u1ecbch v\u1ee5 c\u1ee7a True Love, ng\u01b0\u1eddi d\u00f9ng (sau \u0111\u00e2y g\u1ecdi l\u00e0 &#8220;Th\u00e0nh vi\u00ean&#8221;) ph\u1ea3i \u0111\u00e1p \u1ee9ng \u0111\u1ea7y \u0111\u1ee7 c\u00e1c ti\u00eau ch\u00ed sau:<\/p>\n\n\n\n<ul class=\"wp-block-list\">\n<li>V\u1ec1 \u0111\u1ed9 tu\u1ed5i: Ph\u1ea3i l\u00e0 c\u00f4ng d\u00e2n t\u1eeb \u0111\u1ee7 18 tu\u1ed5i tr\u1edf l\u00ean v\u00e0 c\u00f3 \u0111\u1ea7y \u0111\u1ee7 n\u0103ng l\u1ef1c h\u00e0nh vi d\u00e2n s\u1ef1 theo quy \u0111\u1ecbnh c\u1ee7a ph\u00e1p lu\u1eadt.\u00a0<\/li>\n\n\n\n<li>V\u1ec1 t\u00ecnh tr\u1ea1ng h\u00f4n nh\u00e2n: \u0110ang trong t\u00ecnh tr\u1ea1ng \u0111\u1ed9c th\u00e2n (bao g\u1ed3m tr\u01b0\u1eddng h\u1ee3p ch\u01b0a k\u1ebft h\u00f4n ho\u1eb7c \u0111\u00e3 k\u1ebft h\u00f4n nh\u01b0ng \u0111\u00e3 ly h\u00f4n h\u1ee3p ph\u00e1p) v\u00e0 cam k\u1ebft kh\u00f4ng vi ph\u1ea1m ch\u1ebf \u0111\u1ed9 h\u00f4n nh\u00e2n gia \u0111\u00ecnh hi\u1ec7n h\u00e0nh. Kh\u00f4ng thi\u1ebft l\u1eadp c\u00e1c m\u1ed1i quan h\u1ec7 h\u1eb9n h\u00f2 kh\u00e1c ngo\u00e0i s\u1ef1 gi\u1edbi thi\u1ec7u c\u1ee7a True Love.<\/li>\n\n\n\n<li>V\u1ec1 s\u1ee9c kh\u1ecfe: C\u00f3 t\u00ecnh tr\u1ea1ng s\u1ee9c kh\u1ecfe t\u1ed1t, kh\u00f4ng m\u1eafc c\u00e1c b\u1ec7nh v\u1ec1 th\u1ec3 ch\u1ea5t, tinh th\u1ea7n ho\u1eb7c khi\u1ebfm khuy\u1ebft v\u1ec1 th\u1ec3 ch\u1ea5t. Kh\u00f4ng m\u1eafc c\u00e1c ch\u1ee9ng b\u1ec7nh truy\u1ec1n nhi\u1ec5m, b\u1ec7nh v\u1ec1 t\u00e2m th\u1ea7n ho\u1eb7c li\u00ean quan \u0111\u1ebfn c\u00e1c ho\u1ea1t \u0111\u1ed9ng vi ph\u1ea1m ph\u00e1p lu\u1eadt.<\/li>\n\n\n\n<li>V\u1ec1 l\u00fd l\u1ecbch: Kh\u00f4ng c\u00f3 ti\u1ec1n \u00e1n, ti\u1ec1n s\u1ef1.<\/li>\n<\/ul>\n\n\n\n<h3 class=\"wp-block-heading\" id=\"3-quyen-va-nghia-vu-cua-thanh-vien\"><strong>3. Quy\u1ec1n V\u00e0 Ngh\u0129a V\u1ee5 C\u1ee7a Th\u00e0nh Vi\u00ean<\/strong><\/h3>\n\n\n\n<ul class=\"wp-block-list\">\n<li><strong>Cung c\u1ea5p th\u00f4ng tin:<\/strong> Th\u00e0nh vi\u00ean ph\u1ea3i cung c\u1ea5p c\u00e1c t\u00e0i li\u1ec7u nh\u00e2n th\u00e2n ch\u00ednh x\u00e1c, h\u1ee3p l\u1ec7 v\u00e0 \u0111\u1ea7y \u0111\u1ee7 theo y\u00eau c\u1ea7u. Th\u00e0nh vi\u00ean \u0111\u1ed3ng \u00fd \u0111\u1ec3 True Love &#8211; Tr\u1ea1m Y\u00eau x\u00e1c minh th\u00f4ng tin gi\u1ea5y t\u1edd nh\u00e2n th\u00e2n th\u00f4ng qua c\u00e1c c\u01a1 quan c\u00f3 th\u1ea9m quy\u1ec1n ho\u1eb7c b\u00ean th\u1ee9 ba nh\u1eb1m m\u1ee5c \u0111\u00edch th\u1ef1c hi\u1ec7n d\u1ecbch v\u1ee5.<\/li>\n\n\n\n<li><strong>Chu\u1ea9n m\u1ef1c h\u00e0nh vi:<\/strong> Th\u00e0nh vi\u00ean ph\u1ea3i tu\u00e2n th\u1ee7 \u0111\u1ea1o \u0111\u1ee9c x\u00e3 h\u1ed9i v\u00e0 quy \u0111\u1ecbnh ph\u00e1p lu\u1eadt trong qu\u00e1 tr\u00ecnh t\u00ecm ki\u1ebfm \u0111\u1ed1i t\u01b0\u1ee3ng. Nghi\u00eam c\u1ea5m s\u1eed d\u1ee5ng d\u1ecbch v\u1ee5 \u0111\u1ec3 th\u1ef1c hi\u1ec7n c\u00e1c ho\u1ea1t \u0111\u1ed9ng tr\u00e1i ph\u00e1p lu\u1eadt, l\u1eeba \u0111\u1ea3o, \u0111e d\u1ecda, hay qu\u1ea5y r\u1ed1i \u0111\u1ed1i v\u1edbi nh\u1eefng Ng\u01b0\u1eddi \u0111\u01b0\u1ee3c gi\u1edbi thi\u1ec7u.<\/li>\n\n\n\n<li><strong>B\u1ea3o m\u1eadt danh t\u00ednh \u0111\u1ed1i t\u00e1c:<\/strong> Th\u00e0nh vi\u00ean cam k\u1ebft tuy\u1ec7t \u0111\u1ed1i kh\u00f4ng chia s\u1ebb th\u00f4ng tin ho\u1eb7c h\u00ecnh \u1ea3nh c\u1ee7a Ng\u01b0\u1eddi \u0111\u01b0\u1ee3c gi\u1edbi thi\u1ec7u cho b\u00ean th\u1ee9 ba (bao g\u1ed3m vi\u1ec7c ch\u1ee5p \u1ea3nh m\u00e0n h\u00ecnh, chia s\u1ebb l\u00ean m\u1ea1ng x\u00e3 h\u1ed9i, qua tin nh\u1eafn ho\u1eb7c l\u1eddi n\u00f3i).<\/li>\n\n\n\n<li><strong>Giao ti\u1ebfp \u0111\u1ecbnh m\u1ee9c:<\/strong> Th\u00e0nh vi\u00ean kh\u00f4ng \u0111\u01b0\u1ee3c t\u1ef1 \u00fd thay \u0111\u1ed5i, \u0111i\u1ec1u ch\u1ec9nh ti\u00eau ch\u00ed t\u00ecm \u0111\u1ed1i t\u01b0\u1ee3ng h\u1eb9n h\u00f2 \u0111\u00e3 th\u1ed1ng nh\u1ea5t tr\u1eeb khi \u0111\u01b0\u1ee3c True Love &#8211; Tr\u1ea1m Y\u00eau \u0111\u1ed3ng \u00fd.<\/li>\n<\/ul>\n\n\n\n<h3 class=\"wp-block-heading\" id=\"4-gioi-han-trach-nhiem-cua-true-love-tram-yeu-tuyen-bo-mien-tru\"><strong>4. Gi\u1edbi H\u1ea1n Tr\u00e1ch Nhi\u1ec7m C\u1ee7a True Love &#8211; Tr\u1ea1m Y\u00eau (Tuy\u00ean B\u1ed1 Mi\u1ec5n Tr\u1eeb)<\/strong><\/h3>\n\n\n\n<ul class=\"wp-block-list\">\n<li><strong>V\u1ec1 k\u1ebft qu\u1ea3 d\u1ecbch v\u1ee5:<\/strong> True Love &#8211; Tr\u1ea1m Y\u00eau s\u1ebd c\u1ed1 g\u1eafng h\u1ebft s\u1ee9c \u0111\u1ec3 h\u1ed7 tr\u1ee3 Th\u00e0nh vi\u00ean thi\u1ebft l\u1eadp m\u1ed1i quan h\u1ec7 h\u1eb9n h\u00f2, tuy nhi\u00ean s\u1ef1 th\u00e0nh c\u00f4ng ph\u1ee5 thu\u1ed9c v\u00e0o \u00fd ch\u00ed ch\u1ee7 quan c\u1ee7a hai b\u00ean. True Love &#8211; Tr\u1ea1m Y\u00eau kh\u00f4ng \u0111\u1ea3m b\u1ea3o ch\u1eafc ch\u1eafn r\u1eb1ng Th\u00e0nh vi\u00ean v\u00e0 Ng\u01b0\u1eddi \u0111\u01b0\u1ee3c gi\u1edbi thi\u1ec7u s\u1ebd x\u00e1c l\u1eadp quan h\u1ec7 t\u00ecnh c\u1ea3m hay h\u00f4n nh\u00e2n.<\/li>\n\n\n\n<li><strong>V\u1ec1 th\u00f4ng tin c\u00e1 nh\u00e2n:<\/strong> True Love &#8211; Tr\u1ea1m Y\u00eau kh\u00f4ng ch\u1ecbu tr\u00e1ch nhi\u1ec7m n\u1ebfu Th\u00e0nh vi\u00ean c\u1ed1 t\u00ecnh cung c\u1ea5p sai th\u00f4ng tin v\u1ec1 t\u00ecnh tr\u1ea1ng \u0111\u1ed9c th\u00e2n nh\u1eb1m vi ph\u1ea1m Lu\u1eadt H\u00f4n nh\u00e2n v\u00e0 Gia \u0111\u00ecnh. \u0110\u1ed3ng th\u1eddi, True Love &#8211; Tr\u1ea1m Y\u00eau kh\u00f4ng ch\u1ecbu tr\u00e1ch nhi\u1ec7m v\u1ec1 t\u00ednh x\u00e1c th\u1ef1c c\u1ee7a c\u00e1c th\u00f4ng tin do Ng\u01b0\u1eddi \u0111\u01b0\u1ee3c gi\u1edbi thi\u1ec7u t\u1ef1 cung c\u1ea5p v\u00e0 trao \u0111\u1ed5i ri\u00eang v\u1edbi Th\u00e0nh vi\u00ean trong qu\u00e1 tr\u00ecnh t\u00ecm hi\u1ec3u.<\/li>\n\n\n\n<li><strong>V\u1ec1 ho\u1ea1t \u0111\u1ed9ng c\u00e1 nh\u00e2n:<\/strong> True Love &#8211; Tr\u1ea1m Y\u00eau kh\u00f4ng ch\u1ecbu tr\u00e1ch nhi\u1ec7m v\u1ec1 c\u00e1c ho\u1ea1t \u0111\u1ed9ng g\u1eb7p m\u1eb7t do Th\u00e0nh vi\u00ean t\u1ef1 \u00fd th\u1ef1c hi\u1ec7n m\u00e0 kh\u00f4ng th\u00f4ng b\u00e1o ho\u1eb7c ch\u01b0a c\u00f3 s\u1ef1 \u0111\u1ed3ng \u00fd c\u1ee7a c\u00f4ng ty.<\/li>\n<\/ul>\n\n\n\n<h3 class=\"wp-block-heading\" id=\"5-chinh-sach-thanh-toan\"><strong>5. Ch\u00ednh S\u00e1ch Thanh To\u00e1n<\/strong><\/h3>\n\n\n\n<ul class=\"wp-block-list\">\n<li>Ph\u00ed d\u1ecbch v\u1ee5 ph\u1ea3i \u0111\u01b0\u1ee3c thanh to\u00e1n 100% ngay sau khi k\u00fd h\u1ee3p \u0111\u1ed3ng v\u00e0 tr\u01b0\u1edbc khi True Love &#8211; Tr\u1ea1m Y\u00eau ti\u1ebfn h\u00e0nh d\u1ecbch v\u1ee5.<\/li>\n\n\n\n<li>True Love &#8211; Tr\u1ea1m Y\u00eau c\u00f3 quy\u1ec1n k\u00e9o d\u00e0i th\u1eddi gian th\u1ef1c hi\u1ec7n ho\u1eb7c t\u1ea1m d\u1eebng d\u1ecbch v\u1ee5 n\u1ebfu ch\u01b0a nh\u1eadn \u0111\u01b0\u1ee3c kho\u1ea3n thanh to\u00e1n t\u1eeb Th\u00e0nh vi\u00ean.<\/li>\n<\/ul>\n\n\n\n<h3 class=\"wp-block-heading\" id=\"6-cham-dut-dich-vu-va-hoan-tien\"><strong>6. Ch\u1ea5m D\u1ee9t D\u1ecbch V\u1ee5 V\u00e0 Ho\u00e0n Ti\u1ec1n<\/strong><\/h3>\n\n\n\n<p><strong>6.1. T\u1eeb ph\u00eda Th\u00e0nh vi\u00ean:<\/strong> Th\u00e0nh vi\u00ean c\u00f3 quy\u1ec1n \u0111\u01a1n ph\u01b0\u01a1ng ch\u1ea5m d\u1ee9t h\u1ee3p \u0111\u1ed3ng v\u00ec b\u1ea5t k\u1ef3 l\u00fd do n\u00e0o (\u0111\u00e3 t\u00ecm \u0111\u01b0\u1ee3c ng\u01b0\u1eddi ph\u00f9 h\u1ee3p, kh\u00f4ng c\u00f2n nhu c\u1ea7u&#8230;) b\u1eb1ng c\u00e1ch th\u00f4ng b\u00e1o tr\u01b0\u1edbc 05 ng\u00e0y l\u00e0m vi\u1ec7c. Tuy nhi\u00ean, True Love &#8211; Tr\u1ea1m Y\u00eau s\u1ebd kh\u00f4ng ho\u00e0n l\u1ea1i b\u1ea5t k\u1ef3 kho\u1ea3n ph\u00ed n\u00e0o \u0111\u00e3 thanh to\u00e1n tr\u01b0\u1edbc \u0111\u00f3.<\/p>\n\n\n\n<p><strong>6.2. T\u1eeb ph\u00eda True Love &#8211; Tr\u1ea1m Y\u00eau (Ch\u1ea5m d\u1ee9t kh\u00f4ng ho\u00e0n ph\u00ed):<\/strong><\/p>\n\n\n\n<p>True Love &#8211; Tr\u1ea1m Y\u00eau c\u00f3 quy\u1ec1n \u0111\u01a1n ph\u01b0\u01a1ng ch\u1ea5m d\u1ee9t cung c\u1ea5p d\u1ecbch v\u1ee5 ngay l\u1eadp t\u1ee9c v\u00e0 kh\u00f4ng ho\u00e0n ph\u00ed n\u1ebfu Th\u00e0nh vi\u00ean vi ph\u1ea1m c\u00e1c \u0111i\u1ec1u sau:<\/p>\n\n\n\n<ul class=\"wp-block-list\">\n<li>H\u1ee7y h\u1eb9n do True Love &#8211; Tr\u1ea1m Y\u00eau s\u1eafp x\u1ebfp m\u00e0 kh\u00f4ng b\u00e1o tr\u01b0\u1edbc \u0111\u1ebfn l\u1ea7n th\u1ee9 02.<\/li>\n\n\n\n<li>C\u00f3 h\u00e0nh vi thi\u1ebfu t\u00f4n tr\u1ecdng, \u0111e d\u1ecda, uy hi\u1ebfp, g\u00e2y \u1ea3nh h\u01b0\u1edfng danh d\u1ef1 c\u1ee7a Ng\u01b0\u1eddi \u0111\u01b0\u1ee3c gi\u1edbi thi\u1ec7u, c\u1ed9ng \u0111\u1ed3ng ho\u1eb7c c\u00f4ng ty.<\/li>\n\n\n\n<li>C\u1ed1 t\u00ecnh cung c\u1ea5p th\u00f4ng tin gian l\u1eadn, gi\u1ea3 m\u1ea1o v\u1ec1 t\u00ecnh tr\u1ea1ng h\u00f4n nh\u00e2n, ngh\u1ec1 nghi\u1ec7p, h\u1ecdc v\u1ea5n.<\/li>\n\n\n\n<li>Chia s\u1ebb th\u00f4ng tin, h\u00ecnh \u1ea3nh c\u1ee7a \u0111\u1ed1i t\u00e1c cho b\u00ean th\u1ee9 ba.<\/li>\n\n\n\n<li>C\u00f3 h\u00e0nh vi l\u1eeba \u0111\u1ea3o ti\u1ec1n, t\u00e0i s\u1ea3n, th\u00f4ng tin c\u00e1 nh\u00e2n c\u1ee7a c\u00e1c kh\u00e1ch h\u00e0ng kh\u00e1c.<\/li>\n\n\n\n<li>K\u1ebft h\u00f4n v\u00e0 c\u1ed1 t\u00ecnh che gi\u1ea5u trong th\u1eddi gian s\u1eed d\u1ee5ng d\u1ecbch v\u1ee5.<\/li>\n\n\n\n<li>C\u00f3 h\u00e0nh vi g\u00e2y r\u1ed1i, qu\u1ea5y nhi\u1ec5u, b\u1ea5t l\u1ecbch s\u1ef1 v\u1edbi nh\u00e2n vi\u00ean c\u1ee7a True Love &#8211; Tr\u1ea1m Y\u00eau.<\/li>\n\n\n\n<li>S\u1eed d\u1ee5ng d\u1ecbch v\u1ee5 cho m\u1ee5c \u0111\u00edch ch\u00ednh tr\u1ecb, khi\u00eau d\u00e2m ho\u1eb7c c\u00e1c m\u1ee5c \u0111\u00edch tr\u00e1i \u0111\u1ea1o \u0111\u1ee9c, v\u0103n h\u00f3a Vi\u1ec7t Nam.<\/li>\n\n\n\n<li>Th\u00e1i \u0111\u1ed9 kh\u00f4ng h\u1ee3p t\u00e1c, thi\u1ebfu thi\u1ec7n ch\u00ed gi\u1ea3i quy\u1ebft v\u1ea5n \u0111\u1ec1 m\u1eb7c d\u00f9 \u0111\u00e3 \u0111\u01b0\u1ee3c nh\u1eafc nh\u1edf \u0111\u1ebfn l\u1ea7n th\u1ee9 02.<\/li>\n\n\n\n<li>C\u1ed1 t\u00ecnh \u0111\u01b0a ra y\u00eau c\u1ea7u b\u1ea5t h\u1ee3p l\u00fd, v\u01b0\u1ee3t ngo\u00e0i kh\u1ea3 n\u0103ng \u0111\u00e1p \u1ee9ng th\u1ef1c ti\u1ec5n.<\/li>\n<\/ul>\n\n\n\n<p><em>L\u01b0u \u00fd: \u0110\u1ed1i v\u1edbi h\u00e0nh vi chia s\u1ebb tr\u00e1i ph\u00e9p h\u00ecnh \u1ea3nh\/th\u00f4ng tin c\u00e1 nh\u00e2n c\u1ee7a \u0111\u1ed1i t\u00e1c, True Love &#8211; Tr\u1ea1m Y\u00eau c\u00f3 quy\u1ec1n chuy\u1ec3n h\u1ed3 s\u01a1 cho c\u01a1 quan ph\u00e1p lu\u1eadt x\u1eed l\u00fd theo \u0110i\u1ec1u 38 B\u1ed9 lu\u1eadt D\u00e2n s\u1ef1 2015<\/em>.<\/p>\n\n\n\n<h3 class=\"wp-block-heading\" id=\"7-chinh-sach-bao-mat-thong-tin\"><strong>7. Ch\u00ednh S\u00e1ch B\u1ea3o M\u1eadt Th\u00f4ng Tin<\/strong><\/h3>\n\n\n\n<ul class=\"wp-block-list\">\n<li>True Love &#8211; Tr\u1ea1m Y\u00eau c\u00f3 tr\u00e1ch nhi\u1ec7m b\u1ea3o m\u1eadt th\u00f4ng tin c\u00e1 nh\u00e2n c\u1ee7a Th\u00e0nh vi\u00ean, kh\u00f4ng ti\u1ebft l\u1ed9 cho b\u1ea5t k\u1ef3 ai tr\u1eeb khi th\u1ef1c hi\u1ec7n h\u1ee3p \u0111\u1ed3ng, c\u00f3 s\u1ef1 \u0111\u1ed3ng \u00fd c\u1ee7a Th\u00e0nh vi\u00ean ho\u1eb7c do c\u01a1 quan nh\u00e0 n\u01b0\u1edbc c\u00f3 th\u1ea9m quy\u1ec1n y\u00eau c\u1ea7u.<\/li>\n\n\n\n<li>Th\u00e0nh vi\u00ean c\u0169ng cam k\u1ebft b\u1ea3o m\u1eadt b\u1ea5t k\u1ef3 th\u00f4ng tin n\u00e0o li\u00ean quan \u0111\u1ebfn kinh doanh, kh\u00e1ch h\u00e0ng v\u00e0 \u0111\u1ed1i t\u00e1c c\u1ee7a True Love &#8211; Tr\u1ea1m Y\u00eau. Ngh\u0129a v\u1ee5 b\u1ea3o m\u1eadt n\u00e0y duy tr\u00ec kh\u00f4ng x\u00e1c \u0111\u1ecbnh th\u1eddi h\u1ea1n ngay c\u1ea3 khi d\u1ecbch v\u1ee5 \u0111\u00e3 ch\u1ea5m d\u1ee9t.<\/li>\n<\/ul>\n\n\n\n<h3 class=\"wp-block-heading\" id=\"8-giai-quyet-tranh-chap\"><strong>8. Gi\u1ea3i Quy\u1ebft Tranh Ch\u1ea5p<\/strong><\/h3>\n\n\n\n<p>M\u1ecdi tranh ch\u1ea5p ph\u00e1t sinh trong qu\u00e1 tr\u00ecnh s\u1eed d\u1ee5ng d\u1ecbch v\u1ee5 s\u1ebd \u0111\u01b0\u1ee3c \u01b0u ti\u00ean gi\u1ea3i quy\u1ebft th\u00f4ng qua th\u01b0\u01a1ng l\u01b0\u1ee3ng, h\u00f2a gi\u1ea3i tr\u00ean c\u01a1 s\u1edf t\u00f4n tr\u1ecdng quy\u1ec1n l\u1ee3i c\u1ee7a nhau. N\u1ebfu kh\u00f4ng th\u1ec3 h\u00f2a gi\u1ea3i th\u00e0nh c\u00f4ng trong v\u00f2ng 30 ng\u00e0y, m\u1ed9t trong c\u00e1c b\u00ean c\u00f3 quy\u1ec1n \u0111\u01b0a tranh ch\u1ea5p ra T\u00f2a \u00e1n c\u00f3 th\u1ea9m quy\u1ec1n t\u1ea1i Th\u00e0nh ph\u1ed1 H\u1ed3 Ch\u00ed Minh \u0111\u1ec3 gi\u1ea3i quy\u1ebft.<\/p>\n\n\n\n<hr class=\"wp-block-separator has-alpha-channel-opacity\"\/>\n\n\n\n<p><strong>Th\u00f4ng tin li\u00ean h\u1ec7:<\/strong> C\u00d4NG TY C\u1ed4 PH\u1ea6N LOVE JOURNEY<\/p>\n\n\n\n<ul class=\"wp-block-list\">\n<li>\u0110\u1ecba ch\u1ec9 tr\u1ee5 s\u1edf ch\u00ednh: S\u1ed1 06 Thi S\u00e1ch, Ph\u01b0\u1eddng B\u1ebfn Ngh\u00e9, Qu\u1eadn 1, TP. H\u1ed3 Ch\u00ed Minh, Vi\u1ec7t Nam.<\/li>\n\n\n\n<li>Chi nh\u00e1nh: S\u1ed1 264 T\u00f4 Hi\u1ebfn Th\u00e0nh, Ph\u01b0\u1eddng 15, Qu\u1eadn 10, TP. H\u1ed3 Ch\u00ed Minh, Vi\u1ec7t Nam.<\/li>\n\n\n\n<li>\u0110i\u1ec7n tho\u1ea1i: 0775 954 505.<\/li>\n\n\n\n<li>Email: truelovetramyeu@gmail.com<\/li>\n<\/ul>\n","protected":false},"excerpt":{"rendered":"<p>Ch\u00e0o m\u1eebng b\u1ea1n \u0111\u1ebfn v\u1edbi website True Love &#8211; Tr\u1ea1m Y\u00eau, \u0111\u01b0\u1ee3c qu\u1ea3n l\u00fd v\u00e0 v\u1eadn h\u00e0nh b\u1edfi C\u00d4NG TY C\u1ed4 PH\u1ea6N LOVE JOURNEY. B\u1eb1ng vi\u1ec7c \u0111\u0103ng k\u00fd v\u00e0 s\u1eed d\u1ee5ng d\u1ecbch v\u1ee5 c\u1ee7a ch\u00fang t\u00f4i, b\u1ea1n x\u00e1c nh\u1eadn \u0111\u00e3 \u0111\u1ecdc, hi\u1ec3u r\u00f5 v\u00e0 \u0111\u1ed3ng \u00fd tu\u00e2n th\u1ee7 c\u00e1c \u0110i\u1ec1u kho\u1ea3n s\u1eed d\u1ee5ng d\u01b0\u1edbi \u0111\u00e2y. [&hellip;]<\/p>\n","protected":false},"author":1,"featured_media":0,"parent":0,"menu_order":0,"comment_status":"closed","ping_status":"closed","template":"","meta":{"_gspb_post_css":"","footnotes":""},"class_list":["post-3968","page","type-page","status-publish","hentry"],"blocksy_meta":[],"lang":"vi","translations":{"vi":3968},"pll_sync_post":[],"_links":{"self":[{"href":"https:\/\/truelovetramyeu.vn\/wp-json\/wp\/v2\/pages\/3968","targetHints":{"allow":["GET"]}}],"collection":[{"href":"https:\/\/truelovetramyeu.vn\/wp-json\/wp\/v2\/pages"}],"about":[{"href":"https:\/\/truelovetramyeu.vn\/wp-json\/wp\/v2\/types\/page"}],"author":[{"embeddable":true,"href":"https:\/\/truelovetramyeu.vn\/wp-json\/wp\/v2\/users\/1"}],"replies":[{"embeddable":true,"href":"https:\/\/truelovetramyeu.vn\/wp-json\/wp\/v2\/comments?post=3968"}],"version-history":[{"count":1,"href":"https:\/\/truelovetramyeu.vn\/wp-json\/wp\/v2\/pages\/3968\/revisions"}],"predecessor-version":[{"id":3969,"href":"https:\/\/truelovetramyeu.vn\/wp-json\/wp\/v2\/pages\/3968\/revisions\/3969"}],"wp:attachment":[{"href":"https:\/\/truelovetramyeu.vn\/wp-json\/wp\/v2\/media?parent=3968"}],"curies":[{"name":"wp","href":"https:\/\/api.w.org\/{rel}","templated":true}]}}