{"id":3970,"date":"2026-04-15T14:05:59","date_gmt":"2026-04-15T07:05:59","guid":{"rendered":"https:\/\/truelovetramyeu.vn\/?page_id=3970"},"modified":"2026-04-15T14:06:01","modified_gmt":"2026-04-15T07:06:01","slug":"chinh-sach-thanh-toan","status":"publish","type":"page","link":"https:\/\/truelovetramyeu.vn\/chinh-sach-thanh-toan\/","title":{"rendered":"Ch\u00ednh s\u00e1ch thanh to\u00e1n"},"content":{"rendered":"\n<p>Ch\u00e0o m\u1eebng qu\u00fd kh\u00e1ch \u0111\u1ebfn v\u1edbi True Love &#8211; Tr\u1ea1m Y\u00eau (Tr\u1ef1c thu\u1ed9c C\u00d4NG TY C\u1ed4 PH\u1ea6N LOVE JOURNEY). \u0110\u1ec3 \u0111\u1ea3m b\u1ea3o quy\u1ec1n l\u1ee3i v\u00e0 s\u1ef1 minh b\u1ea1ch trong qu\u00e1 tr\u00ecnh h\u1ee3p t\u00e1c, ch\u00fang t\u00f4i xin c\u00f4ng b\u1ed1 r\u00f5 r\u00e0ng c\u00e1c quy \u0111\u1ecbnh v\u1ec1 chi ph\u00ed, h\u00ecnh th\u1ee9c thanh to\u00e1n v\u00e0 ch\u00ednh s\u00e1ch ho\u00e0n ti\u1ec1n \u00e1p d\u1ee5ng cho m\u1ecdi kh\u00e1ch h\u00e0ng s\u1eed d\u1ee5ng d\u1ecbch v\u1ee5.<\/p>\n\n\n\n<h3 class=\"wp-block-heading\" id=\"1-quy-dinh-ve-phi-dich-vu-va-thanh-toan\"><strong>1. Quy \u0110\u1ecbnh V\u1ec1 Ph\u00ed D\u1ecbch V\u1ee5 V\u00e0 Thanh To\u00e1n<\/strong><\/h3>\n\n\n\n<ul class=\"wp-block-list\">\n<li>Kh\u00e1ch h\u00e0ng c\u00f3 tr\u00e1ch nhi\u1ec7m thanh to\u00e1n 100% ph\u00ed d\u1ecbch v\u1ee5 ngay sau khi k\u00fd h\u1ee3p \u0111\u1ed3ng v\u00e0 tr\u01b0\u1edbc khi True Love ti\u1ebfn h\u00e0nh th\u1ef1c hi\u1ec7n d\u1ecbch v\u1ee5.<\/li>\n\n\n\n<li>C\u00f4ng ty c\u00f3 quy\u1ec1n k\u00e9o d\u00e0i th\u1eddi gian (t\u1ea1m d\u1eebng) th\u1ef1c hi\u1ec7n d\u1ecbch v\u1ee5 cho \u0111\u1ebfn khi nh\u1eadn \u0111\u01b0\u1ee3c \u0111\u1ea7y \u0111\u1ee7 kho\u1ea3n thanh to\u00e1n t\u1eeb kh\u00e1ch h\u00e0ng.<\/li>\n<\/ul>\n\n\n\n<h3 class=\"wp-block-heading\" id=\"2-hinh-thuc-thanh-toan\"><strong>2. H\u00ecnh Th\u1ee9c Thanh To\u00e1n<\/strong><\/h3>\n\n\n\n<p>Kh\u00e1ch h\u00e0ng c\u00f3 th\u1ec3 l\u1ef1a ch\u1ecdn m\u1ed9t trong c\u00e1c ph\u01b0\u01a1ng th\u1ee9c thanh to\u00e1n sau:<\/p>\n\n\n\n<ul class=\"wp-block-list\">\n<li><strong>Ti\u1ec1n m\u1eb7t:<\/strong> Thanh to\u00e1n tr\u1ef1c ti\u1ebfp t\u1ea1i v\u0103n ph\u00f2ng tr\u1ee5 s\u1edf c\u1ee7a c\u00f4ng ty.<\/li>\n\n\n\n<li><strong>Chuy\u1ec3n kho\u1ea3n ng\u00e2n h\u00e0ng:<\/strong> Th\u1ef1c hi\u1ec7n giao d\u1ecbch theo \u0111\u00fang th\u00f4ng tin t\u00e0i kho\u1ea3n ng\u00e2n h\u00e0ng ch\u00ednh th\u1ee9c do c\u00f4ng ty cung c\u1ea5p.<\/li>\n<\/ul>\n\n\n\n<h3 class=\"wp-block-heading\" id=\"3-chinh-sach-khong-hoan-tien-no-refund-policy\"><strong>3. Ch\u00ednh S\u00e1ch Kh\u00f4ng Ho\u00e0n Ti\u1ec1n (No-Refund Policy)<\/strong><\/h3>\n\n\n\n<p>Nh\u1eb1m duy tr\u00ec ch\u1ea5t l\u01b0\u1ee3ng d\u1ecbch v\u1ee5 cao c\u1ea5p v\u00e0 th\u1eddi gian d\u00e0nh cho vi\u1ec7c t\u01b0 v\u1ea5n, s\u00e0ng l\u1ecdc h\u1ed3 s\u01a1, True Love \u00e1p d\u1ee5ng ch\u00ednh s\u00e1ch <strong>kh\u00f4ng ho\u00e0n ti\u1ec1n<\/strong> trong c\u00e1c tr\u01b0\u1eddng h\u1ee3p sau:<\/p>\n\n\n\n<ul class=\"wp-block-list\">\n<li><strong>Kh\u00e1ch h\u00e0ng \u0111\u01a1n ph\u01b0\u01a1ng ch\u1ea5m d\u1ee9t d\u1ecbch v\u1ee5:<\/strong> Trong tr\u01b0\u1eddng h\u1ee3p kh\u00e1ch h\u00e0ng mu\u1ed1n \u0111\u01a1n ph\u01b0\u01a1ng ch\u1ea5m d\u1ee9t h\u1ee3p \u0111\u1ed3ng v\u00ec b\u1ea5t k\u1ef3 l\u00fd do n\u00e0o (thay \u0111\u1ed5i ho\u00e0n c\u1ea3nh, \u0111\u00e3 t\u00ecm \u0111\u01b0\u1ee3c ng\u01b0\u1eddi ph\u00f9 h\u1ee3p, ho\u1eb7c kh\u00f4ng c\u00f2n nhu c\u1ea7u s\u1eed d\u1ee5ng d\u1ecbch v\u1ee5), kh\u00e1ch h\u00e0ng c\u1ea7n th\u00f4ng b\u00e1o b\u1eb1ng v\u0103n b\u1ea3n ho\u1eb7c email cho c\u00f4ng ty tr\u01b0\u1edbc \u00edt nh\u1ea5t 05 (n\u0103m) ng\u00e0y l\u00e0m vi\u1ec7c. C\u00f4ng ty s\u1eb5n s\u00e0ng \u0111\u00e1p \u1ee9ng y\u00eau c\u1ea7u ng\u1eebng d\u1ecbch v\u1ee5 nh\u01b0ng kh\u00f4ng c\u00f3 tr\u00e1ch nhi\u1ec7m ho\u00e0n l\u1ea1i b\u1ea5t k\u1ef3 kho\u1ea3n ph\u00ed n\u00e0o \u0111\u00e3 thanh to\u00e1n tr\u01b0\u1edbc \u0111\u00f3.<\/li>\n\n\n\n<li><strong>H\u1ebft th\u1eddi h\u1ea1n d\u1ecbch v\u1ee5:<\/strong> N\u1ebfu h\u1ee3p \u0111\u1ed3ng h\u1ebft h\u1ea1n m\u00e0 kh\u00e1ch h\u00e0ng v\u1eabn ch\u01b0a y\u00eau c\u1ea7u t\u1ed5 ch\u1ee9c g\u1eb7p g\u1ee1 \u0111\u1ee7 s\u1ed1 l\u01b0\u1ee3ng ng\u01b0\u1eddi nh\u01b0 quy \u0111\u1ecbnh, c\u00e1c y\u00eau c\u1ea7u n\u00e0y s\u1ebd kh\u00f4ng \u0111\u01b0\u1ee3c b\u1ea3o l\u01b0u v\u00e0 c\u00f4ng ty kh\u00f4ng c\u00f3 ngh\u0129a v\u1ee5 ho\u00e0n tr\u1ea3 b\u1ea5t c\u1ee9 kho\u1ea3n thanh to\u00e1n n\u00e0o.<\/li>\n<\/ul>\n\n\n\n<h3 class=\"wp-block-heading\" id=\"4-cac-truong-hop-huy-dich-vu-khong-hoan-tien-do-vi-pham\"><strong>4. C\u00e1c Tr\u01b0\u1eddng H\u1ee3p H\u1ee7y D\u1ecbch V\u1ee5 Kh\u00f4ng Ho\u00e0n Ti\u1ec1n (Do Vi Ph\u1ea1m)<\/strong><\/h3>\n\n\n\n<p>\u0110\u1ec3 b\u1ea3o v\u1ec7 m\u00f4i tr\u01b0\u1eddng h\u1eb9n h\u00f2 v\u0103n minh v\u00e0 an to\u00e0n cho c\u1ed9ng \u0111\u1ed3ng, True Love c\u00f3 quy\u1ec1n \u0111\u01a1n ph\u01b0\u01a1ng ch\u1ea5m d\u1ee9t h\u1ee3p \u0111\u1ed3ng ngay l\u1eadp t\u1ee9c v\u00e0 <strong>kh\u00f4ng ho\u00e0n tr\u1ea3 ph\u00ed d\u1ecbch v\u1ee5<\/strong> n\u1ebfu kh\u00e1ch h\u00e0ng vi ph\u1ea1m m\u1ed9t trong c\u00e1c \u0111i\u1ec1u sau:<\/p>\n\n\n\n<ul class=\"wp-block-list\">\n<li>H\u1ee7y bu\u1ed5i h\u1eb9n \u0111\u00e3 \u0111\u01b0\u1ee3c c\u00f4ng ty s\u1eafp x\u1ebfp m\u00e0 kh\u00f4ng th\u00f4ng b\u00e1o tr\u01b0\u1edbc \u0111\u1ebfn l\u1ea7n th\u1ee9 02.<\/li>\n\n\n\n<li>C\u00f3 h\u00e0nh vi thi\u1ebfu t\u00f4n tr\u1ecdng, uy hi\u1ebfp, \u0111e d\u1ecda, qu\u1ea5y r\u1ed1i ho\u1eb7c g\u00e2y \u1ea3nh h\u01b0\u1edfng l\u1edbn \u0111\u1ebfn danh d\u1ef1, uy t\u00edn c\u1ee7a Ng\u01b0\u1eddi \u0111\u01b0\u1ee3c gi\u1edbi thi\u1ec7u, c\u1ee7a c\u1ed9ng \u0111\u1ed3ng ho\u1eb7c c\u1ee7a c\u00f4ng ty.<\/li>\n\n\n\n<li>D\u00f9ng c\u00e1c h\u00ecnh th\u1ee9c gian l\u1eadn ho\u1eb7c c\u1ed1 t\u00ecnh cung c\u1ea5p th\u00f4ng tin sai s\u1ef1 th\u1eadt, gi\u1ea3 m\u1ea1o v\u1ec1 b\u1ea3n th\u00e2n (bao g\u1ed3m t\u00ecnh tr\u1ea1ng h\u00f4n nh\u00e2n, ngh\u1ec1 nghi\u1ec7p, h\u1ecdc v\u1ea5n).<\/li>\n\n\n\n<li>Chia s\u1ebb th\u00f4ng tin, h\u00ecnh \u1ea3nh c\u1ee7a c\u00f4ng ty ho\u1eb7c Ng\u01b0\u1eddi \u0111\u01b0\u1ee3c gi\u1edbi thi\u1ec7u cho b\u00ean th\u1ee9 ba, bao g\u1ed3m vi\u1ec7c ch\u1ee5p \u1ea3nh m\u00e0n h\u00ecnh chia s\u1ebb l\u00ean m\u1ea1ng x\u00e3 h\u1ed9i ho\u1eb7c qua tin nh\u1eafn.<\/li>\n\n\n\n<li>S\u1eed d\u1ee5ng d\u1ecbch v\u1ee5 cho m\u1ee5c \u0111\u00edch vi ph\u1ea1m ph\u00e1p lu\u1eadt, tr\u00e1i thu\u1ea7n phong m\u1ef9 t\u1ee5c, khi\u00eau d\u00e2m, \u0111e d\u1ecda ho\u1eb7c c\u00e1c m\u1ee5c \u0111\u00edch ch\u00ednh tr\u1ecb.<\/li>\n\n\n\n<li>C\u00f3 h\u00e0nh vi l\u1eeba \u0111\u1ea3o ti\u1ec1n b\u1ea1c, t\u00e0i s\u1ea3n ho\u1eb7c th\u00f4ng tin c\u00e1 nh\u00e2n c\u1ee7a c\u00e1c \u0111\u1ed1i t\u01b0\u1ee3ng h\u1eb9n h\u00f2 v\u00e0 kh\u00e1ch h\u00e0ng kh\u00e1c.<\/li>\n\n\n\n<li>K\u1ebft h\u00f4n v\u00e0 c\u1ed1 t\u00ecnh che gi\u1ea5u trong kho\u1ea3ng th\u1eddi gian th\u1ef1c hi\u1ec7n h\u1ee3p \u0111\u1ed3ng.<\/li>\n\n\n\n<li>C\u00f3 h\u00e0nh vi g\u00e2y r\u1ed1i, b\u1ea5t l\u1ecbch s\u1ef1, thi\u1ebfu v\u0103n minh \u0111\u1ed1i v\u1edbi nh\u00e2n vi\u00ean v\u00e0 \u0111\u1ed1i t\u00e1c c\u1ee7a c\u00f4ng ty.<\/li>\n\n\n\n<li>C\u00f3 th\u00e1i \u0111\u1ed9 kh\u00f4ng h\u1ee3p t\u00e1c, kh\u00f4ng thi\u1ec7n ch\u00ed gi\u1ea3i quy\u1ebft v\u1ea5n \u0111\u1ec1 d\u00f9 \u0111\u00e3 \u0111\u01b0\u1ee3c g\u1eedi y\u00eau c\u1ea7u h\u1ee3p t\u00e1c v\u00e0 nh\u1eafc nh\u1edf \u0111\u1ebfn l\u1ea7n th\u1ee9 02.<\/li>\n\n\n\n<li>C\u1ed1 t\u00ecnh \u0111\u01b0a ra nh\u1eefng y\u00eau c\u1ea7u kh\u00f4ng h\u1ee3p l\u00fd v\u00e0 v\u01b0\u1ee3t ngo\u00e0i kh\u1ea3 n\u0103ng \u0111\u00e1p \u1ee9ng trong th\u1ef1c ti\u1ec5n c\u1ee7a c\u00f4ng ty.<\/li>\n\n\n\n<li>M\u1eafc c\u00e1c ch\u1ee9ng b\u1ec7nh truy\u1ec1n nhi\u1ec5m, b\u1ec7nh v\u1ec1 t\u00e2m th\u1ea7n ho\u1eb7c li\u00ean quan \u0111\u1ebfn c\u00e1c ho\u1ea1t \u0111\u1ed9ng vi ph\u1ea1m ph\u00e1p lu\u1eadt.<\/li>\n<\/ul>\n\n\n\n<hr class=\"wp-block-separator has-alpha-channel-opacity\"\/>\n\n\n\n<p><strong>Th\u00f4ng tin h\u1ed7 tr\u1ee3 thanh to\u00e1n:<\/strong><\/p>\n\n\n\n<p>N\u1ebfu b\u1ea1n g\u1eb7p kh\u00f3 kh\u0103n trong qu\u00e1 tr\u00ecnh giao d\u1ecbch ho\u1eb7c c\u00f3 b\u1ea5t k\u1ef3 th\u1eafc m\u1eafc n\u00e0o v\u1ec1 ch\u00ednh s\u00e1ch ho\u00e0n ti\u1ec1n, vui l\u00f2ng li\u00ean h\u1ec7 ngay v\u1edbi B\u1ed9 ph\u1eadn Ch\u0103m s\u00f3c Kh\u00e1ch h\u00e0ng:<\/p>\n\n\n\n<p><strong>C\u00d4NG TY C\u1ed4 PH\u1ea6N LOVE JOURNEY<\/strong><\/p>\n\n\n\n<ul class=\"wp-block-list\">\n<li><strong>Tr\u1ee5 s\u1edf ch\u00ednh:<\/strong> S\u1ed1 06 Thi S\u00e1ch, Ph\u01b0\u1eddng B\u1ebfn Ngh\u00e9, Qu\u1eadn 1, TP. H\u1ed3 Ch\u00ed Minh.<\/li>\n\n\n\n<li><strong>Chi nh\u00e1nh:<\/strong> S\u1ed1 264 T\u00f4 Hi\u1ebfn Th\u00e0nh, Ph\u01b0\u1eddng 15, Qu\u1eadn 10, TP. H\u1ed3 Ch\u00ed Minh.<\/li>\n\n\n\n<li><strong>\u0110i\u1ec7n tho\u1ea1i:<\/strong> 0775 954 505.<\/li>\n\n\n\n<li><strong>Email:<\/strong> truelovetramyeu@gmail.com<\/li>\n<\/ul>\n","protected":false},"excerpt":{"rendered":"<p>Ch\u00e0o m\u1eebng qu\u00fd kh\u00e1ch \u0111\u1ebfn v\u1edbi True Love &#8211; Tr\u1ea1m Y\u00eau (Tr\u1ef1c thu\u1ed9c C\u00d4NG TY C\u1ed4 PH\u1ea6N LOVE JOURNEY). \u0110\u1ec3 \u0111\u1ea3m b\u1ea3o quy\u1ec1n l\u1ee3i v\u00e0 s\u1ef1 minh b\u1ea1ch trong qu\u00e1 tr\u00ecnh h\u1ee3p t\u00e1c, ch\u00fang t\u00f4i xin c\u00f4ng b\u1ed1 r\u00f5 r\u00e0ng c\u00e1c quy \u0111\u1ecbnh v\u1ec1 chi ph\u00ed, h\u00ecnh th\u1ee9c thanh to\u00e1n v\u00e0 ch\u00ednh s\u00e1ch ho\u00e0n ti\u1ec1n [&hellip;]<\/p>\n","protected":false},"author":1,"featured_media":0,"parent":0,"menu_order":0,"comment_status":"closed","ping_status":"closed","template":"","meta":{"_gspb_post_css":"","footnotes":""},"class_list":["post-3970","page","type-page","status-publish","hentry"],"blocksy_meta":[],"lang":"vi","translations":{"vi":3970},"pll_sync_post":[],"_links":{"self":[{"href":"https:\/\/truelovetramyeu.vn\/wp-json\/wp\/v2\/pages\/3970","targetHints":{"allow":["GET"]}}],"collection":[{"href":"https:\/\/truelovetramyeu.vn\/wp-json\/wp\/v2\/pages"}],"about":[{"href":"https:\/\/truelovetramyeu.vn\/wp-json\/wp\/v2\/types\/page"}],"author":[{"embeddable":true,"href":"https:\/\/truelovetramyeu.vn\/wp-json\/wp\/v2\/users\/1"}],"replies":[{"embeddable":true,"href":"https:\/\/truelovetramyeu.vn\/wp-json\/wp\/v2\/comments?post=3970"}],"version-history":[{"count":1,"href":"https:\/\/truelovetramyeu.vn\/wp-json\/wp\/v2\/pages\/3970\/revisions"}],"predecessor-version":[{"id":3971,"href":"https:\/\/truelovetramyeu.vn\/wp-json\/wp\/v2\/pages\/3970\/revisions\/3971"}],"wp:attachment":[{"href":"https:\/\/truelovetramyeu.vn\/wp-json\/wp\/v2\/media?parent=3970"}],"curies":[{"name":"wp","href":"https:\/\/api.w.org\/{rel}","templated":true}]}}