{"id":3972,"date":"2026-04-15T14:07:02","date_gmt":"2026-04-15T07:07:02","guid":{"rendered":"https:\/\/truelovetramyeu.vn\/?page_id=3972"},"modified":"2026-04-15T14:07:03","modified_gmt":"2026-04-15T07:07:03","slug":"hen-ho-an-toan-tai-true-love-tram-yeu","status":"publish","type":"page","link":"https:\/\/truelovetramyeu.vn\/hen-ho-an-toan-tai-true-love-tram-yeu\/","title":{"rendered":"H\u1eb9n h\u00f2 an to\u00e0n t\u1ea1i True Love Tr\u1ea1m Y\u00eau"},"content":{"rendered":"\n<p>T\u1ea1i True Love &#8211; Tr\u1ea1m Y\u00eau, ch\u00fang t\u00f4i kh\u00f4ng ch\u1ec9 cung c\u1ea5p d\u1ecbch v\u1ee5 mai m\u1ed1i m\u00e0 c\u00f2n ki\u1ebfn t\u1ea1o m\u1ed9t kh\u00f4ng gian k\u1ebft n\u1ed1i an to\u00e0n tuy\u1ec7t \u0111\u1ed1i. V\u1edbi quy tr\u00ecnh th\u1ea9m \u0111\u1ecbnh h\u1ed3 s\u01a1 kh\u1eaft khe v\u00e0 s\u1ef1 \u0111\u1ed3ng h\u00e0nh c\u1ee7a \u0111\u1ed9i ng\u0169 chuy\u00ean gia t\u00e2m l\u00fd, m\u1ecdi r\u1ee7i ro th\u01b0\u1eddng g\u1eb7p trong h\u1eb9n h\u00f2 tr\u1ef1c tuy\u1ebfn \u0111\u1ec1u \u0111\u01b0\u1ee3c ch\u00fang t\u00f4i ki\u1ec3m so\u00e1t t\u1ed1i \u0111a.<\/p>\n\n\n\n<p>\u0110\u1ec3 h\u00e0nh tr\u00ecnh t\u00ecm ki\u1ebfm h\u1ea1nh ph\u00fac di\u1ec5n ra tr\u1ecdn v\u1eb9n, h\u00e3y c\u00f9ng True Love n\u1eafm r\u00f5 c\u00e1c nguy\u00ean t\u1eafc an to\u00e0n d\u01b0\u1edbi \u0111\u00e2y:<\/p>\n\n\n\n<h3 class=\"wp-block-heading\" id=\"1-quy-trinh-gap-mat-an-toan-tai-true-love-tram-yeu\"><strong>1. Quy Tr\u00ecnh G\u1eb7p M\u1eb7t An To\u00e0n T\u1ea1i True Love &#8211; Tr\u1ea1m Y\u00eau<\/strong><\/h3>\n\n\n\n<p>Kh\u00e1c bi\u1ec7t ho\u00e0n to\u00e0n v\u1edbi c\u00e1c n\u1ec1n t\u1ea3ng t\u1ef1 do k\u1ebft n\u1ed1i, ch\u00fang t\u00f4i thi\u1ebft l\u1eadp m\u1ed9t quy tr\u00ecnh an to\u00e0n nghi\u00eam ng\u1eb7t cho nh\u1eefng b\u01b0\u1edbc \u0111i \u0111\u1ea7u ti\u00ean c\u1ee7a b\u1ea1n:<\/p>\n\n\n\n<ul class=\"wp-block-list\">\n<li><strong>G\u1eb7p g\u1ee1 an to\u00e0n t\u1ea1i V\u0103n ph\u00f2ng:<\/strong> Bu\u1ed5i g\u1eb7p m\u1eb7t \u0111\u1ea7u ti\u00ean gi\u1eefa b\u1ea1n v\u00e0 \u0111\u1ed1i t\u00e1c ti\u1ec1m n\u0103ng s\u1ebd lu\u00f4n \u0111\u01b0\u1ee3c di\u1ec5n ra t\u1ea1i kh\u00f4ng gian ri\u00eang t\u01b0, l\u1ecbch s\u1ef1 v\u00e0 an to\u00e0n tuy\u1ec7t \u0111\u1ed1i thu\u1ed9c khu\u00f4n vi\u00ean v\u0103n ph\u00f2ng c\u1ee7a True Love &#8211; Tr\u1ea1m Y\u00eau.<\/li>\n\n\n\n<li><strong>S\u1ef1 \u0111\u1ed3ng h\u00e0nh c\u1ee7a Chuy\u00ean gia T\u00e2m l\u00fd:<\/strong> B\u1ea1n s\u1ebd kh\u00f4ng bao gi\u1edd ph\u1ea3i b\u1ed1i r\u1ed1i hay lo l\u1eafng khi \u0111\u1ed1i di\u1ec7n v\u1edbi ng\u01b0\u1eddi m\u1edbi. Chuy\u00ean gia t\u00e2m l\u00fd\/chuy\u00ean vi\u00ean mai m\u1ed1i c\u1ee7a ch\u00fang t\u00f4i s\u1ebd c\u00f3 m\u1eb7t \u0111\u1ec3 h\u1ed7 tr\u1ee3, \u0111\u00f3ng vai tr\u00f2 c\u1ea7u n\u1ed1i gi\u00fap ph\u00e1 v\u1ee1 s\u1ef1 ng\u1ea1i ng\u00f9ng v\u00e0 \u0111i\u1ec1u ph\u1ed1i cu\u1ed9c tr\u00f2 chuy\u1ec7n m\u1ed9t c\u00e1ch t\u1ef1 nhi\u00ean, tinh t\u1ebf nh\u1ea5t.<\/li>\n\n\n\n<li><strong>T\u00f4n tr\u1ecdng quy\u1ec1n quy\u1ebft \u0111\u1ecbnh:<\/strong> Trong v\u00e0 ngay sau bu\u1ed5i g\u1eb7p m\u1eb7t t\u1ea1i v\u0103n ph\u00f2ng, b\u1ea1n ho\u00e0n to\u00e0n l\u00e0m ch\u1ee7 quy\u1ebft \u0111\u1ecbnh c\u1ee7a m\u00ecnh. <strong>Ch\u1ec9 khi c\u1ea3 b\u1ea1n v\u00e0 \u0111\u1ed1i t\u00e1c \u0111\u1ec1u x\u00e1c nh\u1eadn \u0111\u1ed3ng \u00fd t\u00ecm hi\u1ec3u nhau<\/strong>, True Love &#8211; Tr\u1ea1m Y\u00eau m\u1edbi ti\u1ebfn h\u00e0nh h\u1ed7 tr\u1ee3 trao \u0111\u1ed5i th\u00f4ng tin li\u00ean l\u1ea1c c\u00e1 nh\u00e2n (s\u1ed1 \u0111i\u1ec7n tho\u1ea1i, m\u1ea1ng x\u00e3 h\u1ed9i) \u0111\u1ec3 hai b\u00ean b\u01b0\u1edbc v\u00e0o giai \u0111o\u1ea1n t\u1ef1 ch\u1ee7 \u0111\u1ed9ng k\u1ebft n\u1ed1i.<\/li>\n<\/ul>\n\n\n\n<h3 class=\"wp-block-heading\" id=\"2-an-toan-khi-giao-tiep-chu-dong\"><strong>2. An To\u00e0n Khi Giao Ti\u1ebfp Ch\u1ee7 \u0110\u1ed9ng&nbsp;<\/strong><\/h3>\n\n\n\n<p>Sau khi \u0111\u00e3 \u0111\u1ed3ng \u00fd trao \u0111\u1ed5i th\u00f4ng tin li\u00ean l\u1ea1c, hai b\u1ea1n s\u1ebd c\u00f3 kh\u00f4ng gian ri\u00eang \u0111\u1ec3 t\u00ecm hi\u1ec3u nhau. Trong giai \u0111o\u1ea1n n\u00e0y, h\u00e3y gi\u1eef c\u00e1i \u0111\u1ea7u l\u1ea1nh v\u00e0 tu\u00e2n th\u1ee7 c\u00e1c nguy\u00ean t\u1eafc:<\/p>\n\n\n\n<ul class=\"wp-block-list\">\n<li><strong>B\u1ea3o v\u1ec7 th\u00f4ng tin c\u00e1 nh\u00e2n s\u00e2u:<\/strong> D\u00f9 \u0111\u00e3 c\u00f3 \u1ea5n t\u01b0\u1ee3ng t\u1ed1t ban \u0111\u1ea7u, b\u1ea1n v\u1eabn ch\u01b0a n\u00ean chia s\u1ebb ngay l\u1eadp t\u1ee9c c\u00e1c th\u00f4ng tin qu\u00e1 s\u00e2u nh\u01b0 \u0111\u1ecba ch\u1ec9 nh\u00e0 ri\u00eang ch\u00ednh x\u00e1c, n\u01a1i l\u00e0m vi\u1ec7c c\u1ee5 th\u1ec3, hay c\u00e1c th\u00f4ng tin, gi\u1ea5y t\u1edd li\u00ean quan \u0111\u1ebfn t\u00e0i ch\u00ednh, ng\u00e2n h\u00e0ng.<\/li>\n\n\n\n<li><strong>N\u00f3i KH\u00d4NG v\u1edbi m\u1ecdi y\u00eau c\u1ea7u t\u00e0i ch\u00ednh:<\/strong> Tuy\u1ec7t \u0111\u1ed1i kh\u00f4ng chuy\u1ec3n ti\u1ec1n, cho vay m\u01b0\u1ee3n, mua th\u1ebb c\u00e0o, ho\u1eb7c tham gia v\u00e0o b\u1ea5t k\u1ef3 l\u1eddi m\u1eddi &#8220;\u0111\u1ea7u t\u01b0 sinh l\u1eddi&#8221;, &#8220;g\u00f3p v\u1ed1n kinh doanh&#8221; n\u00e0o do \u0111\u1ed1i t\u00e1c \u0111\u01b0a ra. N\u1ebfu \u0111\u1ed1i t\u00e1c nh\u1eafc \u0111\u1ebfn ti\u1ec1n b\u1ea1c qu\u00e1 s\u1edbm, h\u00e3y n\u00e2ng cao c\u1ea3nh gi\u00e1c.<\/li>\n<\/ul>\n\n\n\n<h3 class=\"wp-block-heading\" id=\"3-an-toan-trong-nhung-buoi-hen-ho\"><strong>3. An To\u00e0n Trong Nh\u1eefng Bu\u1ed5i H\u1eb9n H\u00f2&nbsp;<\/strong><\/h3>\n\n\n\n<p>Khi c\u1ea3 hai quy\u1ebft \u0111\u1ecbnh t\u1ed5 ch\u1ee9c nh\u1eefng bu\u1ed5i h\u1eb9n h\u00f2 ri\u00eang \u1edf b\u00ean ngo\u00e0i (\u0111i c\u00e0 ph\u00ea, xem phim, \u0103n t\u1ed1i&#8230;), h\u00e3y \u00e1p d\u1ee5ng c\u00e1c nguy\u00ean t\u1eafc b\u1ea3o v\u1ec7 b\u1ea3n th\u00e2n c\u01a1 b\u1ea3n:<\/p>\n\n\n\n<ul class=\"wp-block-list\">\n<li><strong>Lu\u00f4n h\u1eb9n \u1edf n\u01a1i c\u00f4ng c\u1ed9ng:<\/strong> L\u1ef1a ch\u1ecdn c\u00e1c kh\u00f4ng gian m\u1edf, \u0111\u00f4ng ng\u01b0\u1eddi v\u00e0 c\u00f3 \u00e1nh s\u00e1ng t\u1ed1t. Tuy\u1ec7t \u0111\u1ed1i kh\u00f4ng \u0111\u1ed3ng \u00fd \u0111\u1ebfn nh\u1eefng n\u01a1i qu\u00e1 ri\u00eang t\u01b0, v\u1eafng v\u1ebb hay nh\u00e0 ri\u00eang c\u1ee7a \u0111\u1ed1i t\u00e1c khi ch\u01b0a th\u1ef1c s\u1ef1 hi\u1ec3u r\u00f5 v\u1ec1 nhau.<\/li>\n\n\n\n<li><strong>T\u1ef1 ch\u1ee7 ph\u01b0\u01a1ng ti\u1ec7n di chuy\u1ec3n:<\/strong> H\u00e3y t\u1ef1 l\u00e1i xe, g\u1ecdi taxi ho\u1eb7c s\u1eed d\u1ee5ng \u1ee9ng d\u1ee5ng \u0111\u1eb7t xe c\u00f4ng ngh\u1ec7 \u0111\u1ec3 \u0111\u1ebfn v\u00e0 r\u1eddi kh\u1ecfi \u0111i\u1ec3m h\u1eb9n.<\/li>\n\n\n\n<li><strong>Chia s\u1ebb l\u1ecbch tr\u00ecnh v\u1edbi ng\u01b0\u1eddi th\u00e2n:<\/strong> Lu\u00f4n th\u00f4ng b\u00e1o cho \u00edt nh\u1ea5t m\u1ed9t ng\u01b0\u1eddi b\u1ea1n th\u00e2n ho\u1eb7c gia \u0111\u00ecnh bi\u1ebft b\u1ea1n \u0111ang \u0111i \u0111\u00e2u, v\u1edbi ai v\u00e0 d\u1ef1 ki\u1ebfn khi n\u00e0o s\u1ebd v\u1ec1.<\/li>\n\n\n\n<li><strong>Tin v\u00e0o tr\u1ef1c gi\u00e1c c\u1ee7a b\u1ea1n:<\/strong> N\u1ebfu b\u1ea1n c\u1ea3m th\u1ea5y c\u00f3 b\u1ea5t k\u1ef3 \u0111i\u1ec1u g\u00ec kh\u00f4ng \u1ed5n, ho\u1eb7c \u0111\u1ed1i t\u00e1c c\u00f3 nh\u1eefng h\u00e0nh vi \u0111i qu\u00e1 gi\u1edbi h\u1ea1n, h\u00e3y r\u1eddi \u0111i ngay l\u1eadp t\u1ee9c. B\u1ea1n lu\u00f4n c\u00f3 quy\u1ec1n d\u1eebng l\u1ea1i b\u1ea5t c\u1ee9 l\u00fac n\u00e0o.<\/li>\n<\/ul>\n\n\n\n<h3 class=\"wp-block-heading\" id=\"4-an-toan-tam-ly-chua-lanh\"><strong>4. An To\u00e0n T\u00e2m L\u00fd &amp; Ch\u1eefa L\u00e0nh<\/strong><\/h3>\n\n\n\n<p>H\u1eb9n h\u00f2 kh\u00f4ng ch\u1ec9 l\u00e0 t\u00ecm ki\u1ebfm m\u1ed9t ng\u01b0\u1eddi m\u1edbi, m\u00e0 c\u00f2n l\u00e0 h\u00e0nh tr\u00ecnh th\u1ea5u hi\u1ec3u ch\u00ednh m\u00ecnh.<\/p>\n\n\n\n<ul class=\"wp-block-list\">\n<li><strong>Thi\u1ebft l\u1eadp ranh gi\u1edbi r\u00f5 r\u00e0ng:<\/strong> \u0110\u1eebng ng\u1ea1i n\u00f3i &#8220;Kh\u00f4ng&#8221; v\u1edbi nh\u1eefng ch\u1ee7 \u0111\u1ec1 ho\u1eb7c h\u00e0nh \u0111\u1ed9ng khi\u1ebfn b\u1ea1n kh\u00f4ng tho\u1ea3i m\u00e1i. M\u1ed9t \u0111\u1ed1i t\u00e1c ph\u00f9 h\u1ee3p v\u00e0 t\u1eed t\u1ebf s\u1ebd lu\u00f4n t\u00f4n tr\u1ecdng ranh gi\u1edbi c\u1ee7a b\u1ea1n.<\/li>\n\n\n\n<li><strong>S\u1eed d\u1ee5ng quy\u1ec1n tr\u1ee3 gi\u00fap t\u1eeb chuy\u00ean gia:<\/strong> N\u1ebfu b\u1ea1n c\u1ea3m th\u1ea5y b\u1ed1i r\u1ed1i sau c\u00e1c bu\u1ed5i h\u1eb9n, ho\u1eb7c nh\u1eefng t\u1ed5n th\u01b0\u01a1ng trong qu\u00e1 kh\u1ee9 b\u1ea5t ng\u1edd quay l\u1ea1i g\u00e2y c\u1ea3n tr\u1edf m\u1ed1i quan h\u1ec7 m\u1edbi, \u0111\u1eebng ch\u1ecbu \u0111\u1ef1ng m\u1ed9t m\u00ecnh. \u0110\u1ed9i ng\u0169 chuy\u00ean gia t\u00e2m l\u00fd c\u1ee7a True Love lu\u00f4n \u1edf \u0111\u00e2y, s\u1eb5n s\u00e0ng l\u1eafng nghe v\u00e0 t\u01b0 v\u1ea5n 1:1 \u0111\u1ec3 gi\u00fap b\u1ea1n g\u1ee1 r\u1ed1i c\u1ea3m x\u00fac.<\/li>\n<\/ul>\n\n\n\n<h3 class=\"wp-block-heading\" id=\"5-co-che-bao-cao-ho-tro-khan-cap\"><strong>5. C\u01a1 Ch\u1ebf B\u00e1o C\u00e1o &amp; H\u1ed7 Tr\u1ee3 Kh\u1ea9n C\u1ea5p<\/strong><\/h3>\n\n\n\n<p>M\u00f4i tr\u01b0\u1eddng c\u1ee7a True Love \u0111\u01b0\u1ee3c x\u00e2y d\u1ef1ng d\u1ef1a tr\u00ean s\u1ef1 t\u00f4n tr\u1ecdng v\u00e0 v\u0103n minh. N\u1ebfu \u0111\u1ed1i t\u00e1c \u0111\u01b0\u1ee3c gi\u1edbi thi\u1ec7u vi ph\u1ea1m c\u00e1c quy t\u1eafc \u1ee9ng x\u1eed, ch\u00fang t\u00f4i c\u1ea7n b\u1ea1n l\u00ean ti\u1ebfng \u0111\u1ec3 b\u1ea3o v\u1ec7 ch\u00ednh b\u1ea1n v\u00e0 c\u1ed9ng \u0111\u1ed3ng.<\/p>\n\n\n\n<p>H\u00e3y li\u00ean h\u1ec7 ngay v\u1edbi chuy\u00ean vi\u00ean ph\u1ee5 tr\u00e1ch c\u1ee7a b\u1ea1n n\u1ebfu \u0111\u1ed1i t\u00e1c c\u00f3 h\u00e0nh vi:<\/p>\n\n\n\n<ul class=\"wp-block-list\">\n<li>Khai b\u00e1o sai l\u1ec7ch th\u00f4ng tin so v\u1edbi h\u1ed3 s\u01a1 True Love cung c\u1ea5p.<\/li>\n\n\n\n<li>Qu\u1ea5y r\u1ed1i, \u0111e d\u1ecda, ho\u1eb7c s\u1eed d\u1ee5ng ng\u00f4n t\u1eeb\/h\u00ecnh \u1ea3nh khi\u1ebfm nh\u00e3.<\/li>\n\n\n\n<li>C\u00f3 d\u1ea5u hi\u1ec7u l\u1ee3i d\u1ee5ng t\u00ecnh c\u1ea3m \u0111\u1ec3 l\u1eeba \u0111\u1ea3o t\u00e0i ch\u00ednh ho\u1eb7c m\u1ee5c \u0111\u00edch x\u1ea5u kh\u00e1c.<\/li>\n<\/ul>\n\n\n\n<p><strong>K\u00eanh H\u1ed7 Tr\u1ee3 Nhanh:<\/strong><\/p>\n\n\n\n<ul class=\"wp-block-list\">\n<li><strong>Hotline\/Zalo h\u1ed7 tr\u1ee3 tr\u1ef1c ti\u1ebfp:<\/strong> 0775 954 505<\/li>\n\n\n\n<li><strong>Li\u00ean h\u1ec7 tr\u1ef1c ti\u1ebfp:<\/strong> Chuy\u00ean vi\u00ean\/Chuy\u00ean gia t\u00e2m l\u00fd \u0111ang tr\u1ef1c ti\u1ebfp qu\u1ea3n l\u00fd h\u1ed3 s\u01a1 c\u1ee7a b\u1ea1n.<\/li>\n<\/ul>\n\n\n\n<p>True Love cam k\u1ebft m\u1ecdi b\u00e1o c\u00e1o c\u1ee7a b\u1ea1n s\u1ebd \u0111\u01b0\u1ee3c x\u1eed l\u00fd nghi\u00eam t\u00fac v\u00e0 b\u1ea3o m\u1eadt tuy\u1ec7t \u0111\u1ed1i. Ch\u00fang t\u00f4i c\u00f3 quy\u1ec1n \u0111\u01a1n ph\u01b0\u01a1ng ch\u1ea5m d\u1ee9t h\u1ee3p \u0111\u1ed3ng v\u00e0 kh\u00f3a v\u0129nh vi\u1ec5n t\u01b0 c\u00e1ch th\u00e0nh vi\u00ean c\u1ee7a b\u1ea5t k\u1ef3 c\u00e1 nh\u00e2n n\u00e0o vi ph\u1ea1m c\u00e1c quy t\u1eafc an to\u00e0n n\u00e0y.<\/p>\n\n\n\n<p><strong>C\u00d4NG TY C\u1ed4 PH\u1ea6N LOVE JOURNEY<\/strong><\/p>\n\n\n\n<ul class=\"wp-block-list\">\n<li><strong>Tr\u1ee5 s\u1edf ch\u00ednh:<\/strong> S\u1ed1 06 Thi S\u00e1ch, Ph\u01b0\u1eddng B\u1ebfn Ngh\u00e9, Qu\u1eadn 1, TP. H\u1ed3 Ch\u00ed Minh.<\/li>\n\n\n\n<li><strong>Chi nh\u00e1nh:<\/strong> S\u1ed1 264 T\u00f4 Hi\u1ebfn Th\u00e0nh, Ph\u01b0\u1eddng 15, Qu\u1eadn 10, TP. H\u1ed3 Ch\u00ed Minh.<\/li>\n\n\n\n<li><strong>\u0110i\u1ec7n tho\u1ea1i:<\/strong> 0775 954 505.<\/li>\n\n\n\n<li><strong>Email:<\/strong> truelovetramyeu@gmail.com<\/li>\n<\/ul>\n","protected":false},"excerpt":{"rendered":"<p>T\u1ea1i True Love &#8211; Tr\u1ea1m Y\u00eau, ch\u00fang t\u00f4i kh\u00f4ng ch\u1ec9 cung c\u1ea5p d\u1ecbch v\u1ee5 mai m\u1ed1i m\u00e0 c\u00f2n ki\u1ebfn t\u1ea1o m\u1ed9t kh\u00f4ng gian k\u1ebft n\u1ed1i an to\u00e0n tuy\u1ec7t \u0111\u1ed1i. V\u1edbi quy tr\u00ecnh th\u1ea9m \u0111\u1ecbnh h\u1ed3 s\u01a1 kh\u1eaft khe v\u00e0 s\u1ef1 \u0111\u1ed3ng h\u00e0nh c\u1ee7a \u0111\u1ed9i ng\u0169 chuy\u00ean gia t\u00e2m l\u00fd, m\u1ecdi r\u1ee7i ro th\u01b0\u1eddng g\u1eb7p trong [&hellip;]<\/p>\n","protected":false},"author":1,"featured_media":0,"parent":0,"menu_order":0,"comment_status":"closed","ping_status":"closed","template":"","meta":{"_gspb_post_css":"","footnotes":""},"class_list":["post-3972","page","type-page","status-publish","hentry"],"blocksy_meta":[],"lang":"vi","translations":{"vi":3972},"pll_sync_post":[],"_links":{"self":[{"href":"https:\/\/truelovetramyeu.vn\/wp-json\/wp\/v2\/pages\/3972","targetHints":{"allow":["GET"]}}],"collection":[{"href":"https:\/\/truelovetramyeu.vn\/wp-json\/wp\/v2\/pages"}],"about":[{"href":"https:\/\/truelovetramyeu.vn\/wp-json\/wp\/v2\/types\/page"}],"author":[{"embeddable":true,"href":"https:\/\/truelovetramyeu.vn\/wp-json\/wp\/v2\/users\/1"}],"replies":[{"embeddable":true,"href":"https:\/\/truelovetramyeu.vn\/wp-json\/wp\/v2\/comments?post=3972"}],"version-history":[{"count":1,"href":"https:\/\/truelovetramyeu.vn\/wp-json\/wp\/v2\/pages\/3972\/revisions"}],"predecessor-version":[{"id":3973,"href":"https:\/\/truelovetramyeu.vn\/wp-json\/wp\/v2\/pages\/3972\/revisions\/3973"}],"wp:attachment":[{"href":"https:\/\/truelovetramyeu.vn\/wp-json\/wp\/v2\/media?parent=3972"}],"curies":[{"name":"wp","href":"https:\/\/api.w.org\/{rel}","templated":true}]}}